{"id":1840,"date":"2025-11-06T09:34:05","date_gmt":"2025-11-06T08:34:05","guid":{"rendered":"https:\/\/osadabialadolina.pl\/?page_id=1840"},"modified":"2025-11-06T12:51:52","modified_gmt":"2025-11-06T11:51:52","slug":"udogodnienia","status":"publish","type":"page","link":"https:\/\/osadabialadolina.pl\/de\/udogodnienia","title":{"rendered":"Einrichtungen"},"content":{"rendered":"","protected":false},"excerpt":{"rendered":"","protected":false},"author":3,"featured_media":1831,"parent":0,"menu_order":0,"comment_status":"closed","ping_status":"closed","template":"","meta":{"_acf_changed":false,"footnotes":""},"class_list":["post-1840","page","type-page","status-publish","has-post-thumbnail","hentry"],"acf":[],"yoast_head":"<!-- This site is optimized with the Yoast SEO plugin v26.6 - https:\/\/yoast.com\/wordpress\/plugins\/seo\/ -->\n<title>Osada Bia\u0142a Dolina - Szklarska Por\u0119ba - 756 m n.p.m. - Tw\u00f3j prywatny spok\u00f3j w g\u00f3rach<\/title>\n<meta name=\"description\" content=\"Osada Bia\u0142a Dolina \u2013 domy z prywatn\u0105 saun\u0105, w pe\u0142ni wyposa\u017con\u0105 kuchni\u0105 i tarasem z widokiem na g\u00f3ry. Komfort i spok\u00f3j w rytmie slow life.\" \/>\n<meta name=\"robots\" content=\"index, follow, max-snippet:-1, max-image-preview:large, max-video-preview:-1\" \/>\n<link rel=\"canonical\" href=\"https:\/\/osadabialadolina.pl\/de\/udogodnienia\/\" \/>\n<meta property=\"og:locale\" content=\"de_DE\" \/>\n<meta property=\"og:type\" content=\"article\" \/>\n<meta property=\"og:title\" content=\"Osada Bia\u0142a Dolina - Szklarska Por\u0119ba - 756 m n.p.m. - Tw\u00f3j prywatny spok\u00f3j w g\u00f3rach\" \/>\n<meta property=\"og:description\" content=\"Osada Bia\u0142a Dolina \u2013 domy z prywatn\u0105 saun\u0105, w pe\u0142ni wyposa\u017con\u0105 kuchni\u0105 i tarasem z widokiem na g\u00f3ry. Komfort i spok\u00f3j w rytmie slow life.\" \/>\n<meta property=\"og:url\" content=\"https:\/\/osadabialadolina.pl\/de\/udogodnienia\/\" \/>\n<meta property=\"og:site_name\" content=\"Osada Bia\u0142a Dolina - Szklarska Por\u0119ba\" \/>\n<meta property=\"article:modified_time\" content=\"2025-11-06T11:51:52+00:00\" \/>\n<meta property=\"og:image\" content=\"https:\/\/osadabialadolina.pl\/wp-content\/uploads\/2025\/11\/GLOWNE-karuzela1.jpg\" \/>\n\t<meta property=\"og:image:width\" content=\"1920\" \/>\n\t<meta property=\"og:image:height\" content=\"1080\" \/>\n\t<meta property=\"og:image:type\" content=\"image\/jpeg\" \/>\n<meta name=\"twitter:card\" content=\"summary_large_image\" \/>\n<meta name=\"twitter:label1\" content=\"Gesch\u00e4tzte Lesezeit\" \/>\n\t<meta name=\"twitter:data1\" content=\"3\u00a0Minuten\" \/>\n<script type=\"application\/ld+json\" class=\"yoast-schema-graph\">{\"@context\":\"https:\/\/schema.org\",\"@graph\":[{\"@type\":\"WebPage\",\"@id\":\"https:\/\/osadabialadolina.pl\/udogodnienia\",\"url\":\"https:\/\/osadabialadolina.pl\/udogodnienia\",\"name\":\"Osada Bia\u0142a Dolina - Szklarska Por\u0119ba - 756 m n.p.m. - Tw\u00f3j prywatny spok\u00f3j w g\u00f3rach\",\"isPartOf\":{\"@id\":\"https:\/\/osadabialadolina.pl\/#website\"},\"primaryImageOfPage\":{\"@id\":\"https:\/\/osadabialadolina.pl\/udogodnienia#primaryimage\"},\"image\":{\"@id\":\"https:\/\/osadabialadolina.pl\/udogodnienia#primaryimage\"},\"thumbnailUrl\":\"https:\/\/osadabialadolina.pl\/wp-content\/uploads\/2025\/11\/GLOWNE-karuzela1.jpg\",\"datePublished\":\"2025-11-06T08:34:05+00:00\",\"dateModified\":\"2025-11-06T11:51:52+00:00\",\"description\":\"Osada Bia\u0142a Dolina \u2013 domy z prywatn\u0105 saun\u0105, w pe\u0142ni wyposa\u017con\u0105 kuchni\u0105 i tarasem z widokiem na g\u00f3ry. Komfort i spok\u00f3j w rytmie slow life.\",\"breadcrumb\":{\"@id\":\"https:\/\/osadabialadolina.pl\/udogodnienia#breadcrumb\"},\"inLanguage\":\"de\",\"potentialAction\":[{\"@type\":\"ReadAction\",\"target\":[\"https:\/\/osadabialadolina.pl\/udogodnienia\"]}]},{\"@type\":\"ImageObject\",\"inLanguage\":\"de\",\"@id\":\"https:\/\/osadabialadolina.pl\/udogodnienia#primaryimage\",\"url\":\"https:\/\/osadabialadolina.pl\/wp-content\/uploads\/2025\/11\/GLOWNE-karuzela1.jpg\",\"contentUrl\":\"https:\/\/osadabialadolina.pl\/wp-content\/uploads\/2025\/11\/GLOWNE-karuzela1.jpg\",\"width\":1920,\"height\":1080},{\"@type\":\"BreadcrumbList\",\"@id\":\"https:\/\/osadabialadolina.pl\/udogodnienia#breadcrumb\",\"itemListElement\":[{\"@type\":\"ListItem\",\"position\":1,\"name\":\"Strona g\u0142\u00f3wna\",\"item\":\"https:\/\/osadabialadolina.pl\/\"},{\"@type\":\"ListItem\",\"position\":2,\"name\":\"Udogodnienia\"}]},{\"@type\":\"WebSite\",\"@id\":\"https:\/\/osadabialadolina.pl\/#website\",\"url\":\"https:\/\/osadabialadolina.pl\/\",\"name\":\"Osada Bia\u0142a Dolina - Szklarska Por\u0119ba\",\"description\":\"756 m  n.p.m. - Tw\u00f3j prywatny spok\u00f3j w g\u00f3rach\",\"publisher\":{\"@id\":\"https:\/\/osadabialadolina.pl\/#organization\"},\"potentialAction\":[{\"@type\":\"SearchAction\",\"target\":{\"@type\":\"EntryPoint\",\"urlTemplate\":\"https:\/\/osadabialadolina.pl\/?s={search_term_string}\"},\"query-input\":{\"@type\":\"PropertyValueSpecification\",\"valueRequired\":true,\"valueName\":\"search_term_string\"}}],\"inLanguage\":\"de\"},{\"@type\":\"Organization\",\"@id\":\"https:\/\/osadabialadolina.pl\/#organization\",\"name\":\"Osada Bia\u0142a Dolina - Szklarska Por\u0119ba\",\"url\":\"https:\/\/osadabialadolina.pl\/\",\"logo\":{\"@type\":\"ImageObject\",\"inLanguage\":\"de\",\"@id\":\"https:\/\/osadabialadolina.pl\/#\/schema\/logo\/image\/\",\"url\":\"\",\"contentUrl\":\"\",\"caption\":\"Osada Bia\u0142a Dolina - Szklarska Por\u0119ba\"},\"image\":{\"@id\":\"https:\/\/osadabialadolina.pl\/#\/schema\/logo\/image\/\"}}]}<\/script>\n<!-- \/ Yoast SEO plugin. -->","yoast_head_json":{"title":"Osada Bia\u0142a Dolina - Szklarska Por\u0119ba - 756 m n.p.m. - Tw\u00f3j prywatny spok\u00f3j w g\u00f3rach","description":"Osada Bia\u0142a Dolina \u2013 domy z prywatn\u0105 saun\u0105, w pe\u0142ni wyposa\u017con\u0105 kuchni\u0105 i tarasem z widokiem na g\u00f3ry. Komfort i spok\u00f3j w rytmie slow life.","robots":{"index":"index","follow":"follow","max-snippet":"max-snippet:-1","max-image-preview":"max-image-preview:large","max-video-preview":"max-video-preview:-1"},"canonical":"https:\/\/osadabialadolina.pl\/de\/udogodnienia\/","og_locale":"de_DE","og_type":"article","og_title":"Osada Bia\u0142a Dolina - Szklarska Por\u0119ba - 756 m n.p.m. - Tw\u00f3j prywatny spok\u00f3j w g\u00f3rach","og_description":"Osada Bia\u0142a Dolina \u2013 domy z prywatn\u0105 saun\u0105, w pe\u0142ni wyposa\u017con\u0105 kuchni\u0105 i tarasem z widokiem na g\u00f3ry. Komfort i spok\u00f3j w rytmie slow life.","og_url":"https:\/\/osadabialadolina.pl\/de\/udogodnienia\/","og_site_name":"Osada Bia\u0142a Dolina - Szklarska Por\u0119ba","article_modified_time":"2025-11-06T11:51:52+00:00","og_image":[{"width":1920,"height":1080,"url":"https:\/\/osadabialadolina.pl\/wp-content\/uploads\/2025\/11\/GLOWNE-karuzela1.jpg","type":"image\/jpeg"}],"twitter_card":"summary_large_image","twitter_misc":{"Gesch\u00e4tzte Lesezeit":"3\u00a0Minuten"},"schema":{"@context":"https:\/\/schema.org","@graph":[{"@type":"WebPage","@id":"https:\/\/osadabialadolina.pl\/udogodnienia","url":"https:\/\/osadabialadolina.pl\/udogodnienia","name":"Osada Bia\u0142a Dolina - Szklarska Por\u0119ba - 756 m n.p.m. - Tw\u00f3j prywatny spok\u00f3j w g\u00f3rach","isPartOf":{"@id":"https:\/\/osadabialadolina.pl\/#website"},"primaryImageOfPage":{"@id":"https:\/\/osadabialadolina.pl\/udogodnienia#primaryimage"},"image":{"@id":"https:\/\/osadabialadolina.pl\/udogodnienia#primaryimage"},"thumbnailUrl":"https:\/\/osadabialadolina.pl\/wp-content\/uploads\/2025\/11\/GLOWNE-karuzela1.jpg","datePublished":"2025-11-06T08:34:05+00:00","dateModified":"2025-11-06T11:51:52+00:00","description":"Osada Bia\u0142a Dolina \u2013 domy z prywatn\u0105 saun\u0105, w pe\u0142ni wyposa\u017con\u0105 kuchni\u0105 i tarasem z widokiem na g\u00f3ry. Komfort i spok\u00f3j w rytmie slow life.","breadcrumb":{"@id":"https:\/\/osadabialadolina.pl\/udogodnienia#breadcrumb"},"inLanguage":"de","potentialAction":[{"@type":"ReadAction","target":["https:\/\/osadabialadolina.pl\/udogodnienia"]}]},{"@type":"ImageObject","inLanguage":"de","@id":"https:\/\/osadabialadolina.pl\/udogodnienia#primaryimage","url":"https:\/\/osadabialadolina.pl\/wp-content\/uploads\/2025\/11\/GLOWNE-karuzela1.jpg","contentUrl":"https:\/\/osadabialadolina.pl\/wp-content\/uploads\/2025\/11\/GLOWNE-karuzela1.jpg","width":1920,"height":1080},{"@type":"BreadcrumbList","@id":"https:\/\/osadabialadolina.pl\/udogodnienia#breadcrumb","itemListElement":[{"@type":"ListItem","position":1,"name":"Strona g\u0142\u00f3wna","item":"https:\/\/osadabialadolina.pl\/"},{"@type":"ListItem","position":2,"name":"Udogodnienia"}]},{"@type":"WebSite","@id":"https:\/\/osadabialadolina.pl\/#website","url":"https:\/\/osadabialadolina.pl\/","name":"Osada Bia\u0142a Dolina - Szklarska Por\u0119ba","description":"756 m  n.p.m. - Tw\u00f3j prywatny spok\u00f3j w g\u00f3rach","publisher":{"@id":"https:\/\/osadabialadolina.pl\/#organization"},"potentialAction":[{"@type":"SearchAction","target":{"@type":"EntryPoint","urlTemplate":"https:\/\/osadabialadolina.pl\/?s={search_term_string}"},"query-input":{"@type":"PropertyValueSpecification","valueRequired":true,"valueName":"search_term_string"}}],"inLanguage":"de"},{"@type":"Organization","@id":"https:\/\/osadabialadolina.pl\/#organization","name":"Osada Bia\u0142a Dolina - Szklarska Por\u0119ba","url":"https:\/\/osadabialadolina.pl\/","logo":{"@type":"ImageObject","inLanguage":"de","@id":"https:\/\/osadabialadolina.pl\/#\/schema\/logo\/image\/","url":"","contentUrl":"","caption":"Osada Bia\u0142a Dolina - Szklarska Por\u0119ba"},"image":{"@id":"https:\/\/osadabialadolina.pl\/#\/schema\/logo\/image\/"}}]}},"_links":{"self":[{"href":"https:\/\/osadabialadolina.pl\/de\/wp-json\/wp\/v2\/pages\/1840","targetHints":{"allow":["GET"]}}],"collection":[{"href":"https:\/\/osadabialadolina.pl\/de\/wp-json\/wp\/v2\/pages"}],"about":[{"href":"https:\/\/osadabialadolina.pl\/de\/wp-json\/wp\/v2\/types\/page"}],"author":[{"embeddable":true,"href":"https:\/\/osadabialadolina.pl\/de\/wp-json\/wp\/v2\/users\/3"}],"replies":[{"embeddable":true,"href":"https:\/\/osadabialadolina.pl\/de\/wp-json\/wp\/v2\/comments?post=1840"}],"version-history":[{"count":1,"href":"https:\/\/osadabialadolina.pl\/de\/wp-json\/wp\/v2\/pages\/1840\/revisions"}],"predecessor-version":[{"id":1841,"href":"https:\/\/osadabialadolina.pl\/de\/wp-json\/wp\/v2\/pages\/1840\/revisions\/1841"}],"wp:featuredmedia":[{"embeddable":true,"href":"https:\/\/osadabialadolina.pl\/de\/wp-json\/wp\/v2\/media\/1831"}],"wp:attachment":[{"href":"https:\/\/osadabialadolina.pl\/de\/wp-json\/wp\/v2\/media?parent=1840"}],"curies":[{"name":"wp","href":"https:\/\/api.w.org\/{rel}","templated":true}]}}