{"id":1296,"date":"2024-03-22T15:30:23","date_gmt":"2024-03-22T14:30:23","guid":{"rendered":"https:\/\/osadabialadolina.pl\/?page_id=1296"},"modified":"2025-11-06T12:51:48","modified_gmt":"2025-11-06T11:51:48","slug":"okolica","status":"publish","type":"page","link":"https:\/\/osadabialadolina.pl\/de\/okolica","title":{"rendered":"Bereich"},"content":{"rendered":"","protected":false},"excerpt":{"rendered":"","protected":false},"author":3,"featured_media":1826,"parent":0,"menu_order":0,"comment_status":"closed","ping_status":"closed","template":"","meta":{"_acf_changed":false,"footnotes":""},"class_list":["post-1296","page","type-page","status-publish","has-post-thumbnail","hentry"],"acf":[],"yoast_head":"<!-- This site is optimized with the Yoast SEO plugin v26.6 - https:\/\/yoast.com\/wordpress\/plugins\/seo\/ -->\n<title>Osada Bia\u0142a Dolina - Szklarska Por\u0119ba - 756 m n.p.m. - Tw\u00f3j prywatny spok\u00f3j w g\u00f3rach<\/title>\n<meta name=\"description\" content=\"Odkryj atrakcje w okolicy Osady Bia\u0142a Dolina. Szlaki, wodospady, trasy narciarskie i widok na Szrenic\u0119 \u2013 wszystko w zasi\u0119gu kilku minut.\" \/>\n<meta name=\"robots\" content=\"index, follow, max-snippet:-1, max-image-preview:large, max-video-preview:-1\" \/>\n<link rel=\"canonical\" href=\"https:\/\/osadabialadolina.pl\/de\/okolica\/\" \/>\n<meta property=\"og:locale\" content=\"de_DE\" \/>\n<meta property=\"og:type\" content=\"article\" \/>\n<meta property=\"og:title\" content=\"Osada Bia\u0142a Dolina - Szklarska Por\u0119ba - 756 m n.p.m. - Tw\u00f3j prywatny spok\u00f3j w g\u00f3rach\" \/>\n<meta property=\"og:description\" content=\"Odkryj atrakcje w okolicy Osady Bia\u0142a Dolina. Szlaki, wodospady, trasy narciarskie i widok na Szrenic\u0119 \u2013 wszystko w zasi\u0119gu kilku minut.\" \/>\n<meta property=\"og:url\" content=\"https:\/\/osadabialadolina.pl\/de\/okolica\/\" \/>\n<meta property=\"og:site_name\" content=\"Osada Bia\u0142a Dolina - Szklarska Por\u0119ba\" \/>\n<meta property=\"article:modified_time\" content=\"2025-11-06T11:51:48+00:00\" \/>\n<meta property=\"og:image\" content=\"https:\/\/osadabialadolina.pl\/wp-content\/uploads\/2025\/11\/okolica3-rotated.jpeg\" \/>\n\t<meta property=\"og:image:width\" content=\"1440\" \/>\n\t<meta property=\"og:image:height\" content=\"1920\" \/>\n\t<meta property=\"og:image:type\" content=\"image\/jpeg\" \/>\n<meta name=\"twitter:card\" content=\"summary_large_image\" \/>\n<meta name=\"twitter:label1\" content=\"Gesch\u00e4tzte Lesezeit\" \/>\n\t<meta name=\"twitter:data1\" content=\"5\u00a0Minuten\" \/>\n<script type=\"application\/ld+json\" class=\"yoast-schema-graph\">{\"@context\":\"https:\/\/schema.org\",\"@graph\":[{\"@type\":\"WebPage\",\"@id\":\"https:\/\/osadabialadolina.pl\/okolica\",\"url\":\"https:\/\/osadabialadolina.pl\/okolica\",\"name\":\"Osada Bia\u0142a Dolina - Szklarska Por\u0119ba - 756 m n.p.m. - Tw\u00f3j prywatny spok\u00f3j w g\u00f3rach\",\"isPartOf\":{\"@id\":\"https:\/\/osadabialadolina.pl\/#website\"},\"primaryImageOfPage\":{\"@id\":\"https:\/\/osadabialadolina.pl\/okolica#primaryimage\"},\"image\":{\"@id\":\"https:\/\/osadabialadolina.pl\/okolica#primaryimage\"},\"thumbnailUrl\":\"https:\/\/osadabialadolina.pl\/wp-content\/uploads\/2025\/11\/okolica3-rotated.jpeg\",\"datePublished\":\"2024-03-22T14:30:23+00:00\",\"dateModified\":\"2025-11-06T11:51:48+00:00\",\"description\":\"Odkryj atrakcje w okolicy Osady Bia\u0142a Dolina. Szlaki, wodospady, trasy narciarskie i widok na Szrenic\u0119 \u2013 wszystko w zasi\u0119gu kilku minut.\",\"breadcrumb\":{\"@id\":\"https:\/\/osadabialadolina.pl\/okolica#breadcrumb\"},\"inLanguage\":\"de\",\"potentialAction\":[{\"@type\":\"ReadAction\",\"target\":[\"https:\/\/osadabialadolina.pl\/okolica\"]}]},{\"@type\":\"ImageObject\",\"inLanguage\":\"de\",\"@id\":\"https:\/\/osadabialadolina.pl\/okolica#primaryimage\",\"url\":\"https:\/\/osadabialadolina.pl\/wp-content\/uploads\/2025\/11\/okolica3-rotated.jpeg\",\"contentUrl\":\"https:\/\/osadabialadolina.pl\/wp-content\/uploads\/2025\/11\/okolica3-rotated.jpeg\",\"width\":1440,\"height\":1920},{\"@type\":\"BreadcrumbList\",\"@id\":\"https:\/\/osadabialadolina.pl\/okolica#breadcrumb\",\"itemListElement\":[{\"@type\":\"ListItem\",\"position\":1,\"name\":\"Strona g\u0142\u00f3wna\",\"item\":\"https:\/\/osadabialadolina.pl\/\"},{\"@type\":\"ListItem\",\"position\":2,\"name\":\"Okolica\"}]},{\"@type\":\"WebSite\",\"@id\":\"https:\/\/osadabialadolina.pl\/#website\",\"url\":\"https:\/\/osadabialadolina.pl\/\",\"name\":\"Osada Bia\u0142a Dolina - Szklarska Por\u0119ba\",\"description\":\"756 m  n.p.m. - Tw\u00f3j prywatny spok\u00f3j w g\u00f3rach\",\"publisher\":{\"@id\":\"https:\/\/osadabialadolina.pl\/#organization\"},\"potentialAction\":[{\"@type\":\"SearchAction\",\"target\":{\"@type\":\"EntryPoint\",\"urlTemplate\":\"https:\/\/osadabialadolina.pl\/?s={search_term_string}\"},\"query-input\":{\"@type\":\"PropertyValueSpecification\",\"valueRequired\":true,\"valueName\":\"search_term_string\"}}],\"inLanguage\":\"de\"},{\"@type\":\"Organization\",\"@id\":\"https:\/\/osadabialadolina.pl\/#organization\",\"name\":\"Osada Bia\u0142a Dolina - Szklarska Por\u0119ba\",\"url\":\"https:\/\/osadabialadolina.pl\/\",\"logo\":{\"@type\":\"ImageObject\",\"inLanguage\":\"de\",\"@id\":\"https:\/\/osadabialadolina.pl\/#\/schema\/logo\/image\/\",\"url\":\"\",\"contentUrl\":\"\",\"caption\":\"Osada Bia\u0142a Dolina - Szklarska Por\u0119ba\"},\"image\":{\"@id\":\"https:\/\/osadabialadolina.pl\/#\/schema\/logo\/image\/\"}}]}<\/script>\n<!-- \/ Yoast SEO plugin. -->","yoast_head_json":{"title":"Osada Bia\u0142a Dolina - Szklarska Por\u0119ba - 756 m n.p.m. - Tw\u00f3j prywatny spok\u00f3j w g\u00f3rach","description":"Odkryj atrakcje w okolicy Osady Bia\u0142a Dolina. Szlaki, wodospady, trasy narciarskie i widok na Szrenic\u0119 \u2013 wszystko w zasi\u0119gu kilku minut.","robots":{"index":"index","follow":"follow","max-snippet":"max-snippet:-1","max-image-preview":"max-image-preview:large","max-video-preview":"max-video-preview:-1"},"canonical":"https:\/\/osadabialadolina.pl\/de\/okolica\/","og_locale":"de_DE","og_type":"article","og_title":"Osada Bia\u0142a Dolina - Szklarska Por\u0119ba - 756 m n.p.m. - Tw\u00f3j prywatny spok\u00f3j w g\u00f3rach","og_description":"Odkryj atrakcje w okolicy Osady Bia\u0142a Dolina. Szlaki, wodospady, trasy narciarskie i widok na Szrenic\u0119 \u2013 wszystko w zasi\u0119gu kilku minut.","og_url":"https:\/\/osadabialadolina.pl\/de\/okolica\/","og_site_name":"Osada Bia\u0142a Dolina - Szklarska Por\u0119ba","article_modified_time":"2025-11-06T11:51:48+00:00","og_image":[{"width":1440,"height":1920,"url":"https:\/\/osadabialadolina.pl\/wp-content\/uploads\/2025\/11\/okolica3-rotated.jpeg","type":"image\/jpeg"}],"twitter_card":"summary_large_image","twitter_misc":{"Gesch\u00e4tzte Lesezeit":"5\u00a0Minuten"},"schema":{"@context":"https:\/\/schema.org","@graph":[{"@type":"WebPage","@id":"https:\/\/osadabialadolina.pl\/okolica","url":"https:\/\/osadabialadolina.pl\/okolica","name":"Osada Bia\u0142a Dolina - Szklarska Por\u0119ba - 756 m n.p.m. - Tw\u00f3j prywatny spok\u00f3j w g\u00f3rach","isPartOf":{"@id":"https:\/\/osadabialadolina.pl\/#website"},"primaryImageOfPage":{"@id":"https:\/\/osadabialadolina.pl\/okolica#primaryimage"},"image":{"@id":"https:\/\/osadabialadolina.pl\/okolica#primaryimage"},"thumbnailUrl":"https:\/\/osadabialadolina.pl\/wp-content\/uploads\/2025\/11\/okolica3-rotated.jpeg","datePublished":"2024-03-22T14:30:23+00:00","dateModified":"2025-11-06T11:51:48+00:00","description":"Odkryj atrakcje w okolicy Osady Bia\u0142a Dolina. Szlaki, wodospady, trasy narciarskie i widok na Szrenic\u0119 \u2013 wszystko w zasi\u0119gu kilku minut.","breadcrumb":{"@id":"https:\/\/osadabialadolina.pl\/okolica#breadcrumb"},"inLanguage":"de","potentialAction":[{"@type":"ReadAction","target":["https:\/\/osadabialadolina.pl\/okolica"]}]},{"@type":"ImageObject","inLanguage":"de","@id":"https:\/\/osadabialadolina.pl\/okolica#primaryimage","url":"https:\/\/osadabialadolina.pl\/wp-content\/uploads\/2025\/11\/okolica3-rotated.jpeg","contentUrl":"https:\/\/osadabialadolina.pl\/wp-content\/uploads\/2025\/11\/okolica3-rotated.jpeg","width":1440,"height":1920},{"@type":"BreadcrumbList","@id":"https:\/\/osadabialadolina.pl\/okolica#breadcrumb","itemListElement":[{"@type":"ListItem","position":1,"name":"Strona g\u0142\u00f3wna","item":"https:\/\/osadabialadolina.pl\/"},{"@type":"ListItem","position":2,"name":"Okolica"}]},{"@type":"WebSite","@id":"https:\/\/osadabialadolina.pl\/#website","url":"https:\/\/osadabialadolina.pl\/","name":"Osada Bia\u0142a Dolina - Szklarska Por\u0119ba","description":"756 m  n.p.m. - Tw\u00f3j prywatny spok\u00f3j w g\u00f3rach","publisher":{"@id":"https:\/\/osadabialadolina.pl\/#organization"},"potentialAction":[{"@type":"SearchAction","target":{"@type":"EntryPoint","urlTemplate":"https:\/\/osadabialadolina.pl\/?s={search_term_string}"},"query-input":{"@type":"PropertyValueSpecification","valueRequired":true,"valueName":"search_term_string"}}],"inLanguage":"de"},{"@type":"Organization","@id":"https:\/\/osadabialadolina.pl\/#organization","name":"Osada Bia\u0142a Dolina - Szklarska Por\u0119ba","url":"https:\/\/osadabialadolina.pl\/","logo":{"@type":"ImageObject","inLanguage":"de","@id":"https:\/\/osadabialadolina.pl\/#\/schema\/logo\/image\/","url":"","contentUrl":"","caption":"Osada Bia\u0142a Dolina - Szklarska Por\u0119ba"},"image":{"@id":"https:\/\/osadabialadolina.pl\/#\/schema\/logo\/image\/"}}]}},"_links":{"self":[{"href":"https:\/\/osadabialadolina.pl\/de\/wp-json\/wp\/v2\/pages\/1296","targetHints":{"allow":["GET"]}}],"collection":[{"href":"https:\/\/osadabialadolina.pl\/de\/wp-json\/wp\/v2\/pages"}],"about":[{"href":"https:\/\/osadabialadolina.pl\/de\/wp-json\/wp\/v2\/types\/page"}],"author":[{"embeddable":true,"href":"https:\/\/osadabialadolina.pl\/de\/wp-json\/wp\/v2\/users\/3"}],"replies":[{"embeddable":true,"href":"https:\/\/osadabialadolina.pl\/de\/wp-json\/wp\/v2\/comments?post=1296"}],"version-history":[{"count":5,"href":"https:\/\/osadabialadolina.pl\/de\/wp-json\/wp\/v2\/pages\/1296\/revisions"}],"predecessor-version":[{"id":1843,"href":"https:\/\/osadabialadolina.pl\/de\/wp-json\/wp\/v2\/pages\/1296\/revisions\/1843"}],"wp:featuredmedia":[{"embeddable":true,"href":"https:\/\/osadabialadolina.pl\/de\/wp-json\/wp\/v2\/media\/1826"}],"wp:attachment":[{"href":"https:\/\/osadabialadolina.pl\/de\/wp-json\/wp\/v2\/media?parent=1296"}],"curies":[{"name":"wp","href":"https:\/\/api.w.org\/{rel}","templated":true}]}}