{"id":1202,"date":"2024-03-05T09:49:24","date_gmt":"2024-03-05T08:49:24","guid":{"rendered":"https:\/\/osadabialadolina.pl\/?page_id=1202"},"modified":"2025-12-12T12:33:17","modified_gmt":"2025-12-12T11:33:17","slug":"strona-glowna","status":"publish","type":"page","link":"https:\/\/osadabialadolina.pl\/cs\/","title":{"rendered":"Strona G\u0142\u00f3wna"},"content":{"rendered":"","protected":false},"excerpt":{"rendered":"","protected":false},"author":3,"featured_media":0,"parent":0,"menu_order":0,"comment_status":"closed","ping_status":"closed","template":"","meta":{"_acf_changed":false,"footnotes":""},"class_list":["post-1202","page","type-page","status-publish","hentry"],"acf":[],"yoast_head":"<!-- This site is optimized with the Yoast SEO plugin v26.6 - https:\/\/yoast.com\/wordpress\/plugins\/seo\/ -->\n<title>Osada Bia\u0142a Dolina - Szklarska Por\u0119ba - 756 m n.p.m. - Tw\u00f3j prywatny spok\u00f3j w g\u00f3rach<\/title>\n<meta name=\"description\" content=\"Osada Bia\u0142a Dolina \u2013 cztery nowoczesne domy w sercu Szklarskiej Por\u0119by. Cisza, natura i prywatno\u015b\u0107. Tw\u00f3j g\u00f3rski azyl 756 m n.p.m.\" \/>\n<meta name=\"robots\" content=\"index, follow, max-snippet:-1, max-image-preview:large, max-video-preview:-1\" \/>\n<link rel=\"canonical\" href=\"https:\/\/osadabialadolina.pl\/cs\/\" \/>\n<meta property=\"og:locale\" content=\"cs_CZ\" \/>\n<meta property=\"og:type\" content=\"article\" \/>\n<meta property=\"og:title\" content=\"Osada Bia\u0142a Dolina - Szklarska Por\u0119ba - 756 m n.p.m. - Tw\u00f3j prywatny spok\u00f3j w g\u00f3rach\" \/>\n<meta property=\"og:description\" content=\"Osada Bia\u0142a Dolina \u2013 cztery nowoczesne domy w sercu Szklarskiej Por\u0119by. Cisza, natura i prywatno\u015b\u0107. Tw\u00f3j g\u00f3rski azyl 756 m n.p.m.\" \/>\n<meta property=\"og:url\" content=\"https:\/\/osadabialadolina.pl\/cs\/\" \/>\n<meta property=\"og:site_name\" content=\"Osada Bia\u0142a Dolina - Szklarska Por\u0119ba\" \/>\n<meta property=\"article:modified_time\" content=\"2025-12-12T11:33:17+00:00\" \/>\n<meta name=\"twitter:card\" content=\"summary_large_image\" \/>\n<meta name=\"twitter:label1\" content=\"Odhadovan\u00e1 doba \u010dten\u00ed\" \/>\n\t<meta name=\"twitter:data1\" content=\"6 minut\" \/>\n<script type=\"application\/ld+json\" class=\"yoast-schema-graph\">{\"@context\":\"https:\/\/schema.org\",\"@graph\":[{\"@type\":\"WebPage\",\"@id\":\"https:\/\/osadabialadolina.pl\/\",\"url\":\"https:\/\/osadabialadolina.pl\/\",\"name\":\"Osada Bia\u0142a Dolina - Szklarska Por\u0119ba - 756 m n.p.m. - Tw\u00f3j prywatny spok\u00f3j w g\u00f3rach\",\"isPartOf\":{\"@id\":\"https:\/\/osadabialadolina.pl\/#website\"},\"datePublished\":\"2024-03-05T08:49:24+00:00\",\"dateModified\":\"2025-12-12T11:33:17+00:00\",\"description\":\"Osada Bia\u0142a Dolina \u2013 cztery nowoczesne domy w sercu Szklarskiej Por\u0119by. Cisza, natura i prywatno\u015b\u0107. Tw\u00f3j g\u00f3rski azyl 756 m n.p.m.\",\"breadcrumb\":{\"@id\":\"https:\/\/osadabialadolina.pl\/#breadcrumb\"},\"inLanguage\":\"cs\",\"potentialAction\":[{\"@type\":\"ReadAction\",\"target\":[\"https:\/\/osadabialadolina.pl\/\"]}]},{\"@type\":\"BreadcrumbList\",\"@id\":\"https:\/\/osadabialadolina.pl\/#breadcrumb\",\"itemListElement\":[{\"@type\":\"ListItem\",\"position\":1,\"name\":\"Strona g\u0142\u00f3wna\",\"item\":\"https:\/\/osadabialadolina.pl\/\"},{\"@type\":\"ListItem\",\"position\":2,\"name\":\"Strona G\u0142\u00f3wna\"}]},{\"@type\":\"WebSite\",\"@id\":\"https:\/\/osadabialadolina.pl\/#website\",\"url\":\"https:\/\/osadabialadolina.pl\/\",\"name\":\"Osada Bia\u0142a Dolina - Szklarska Por\u0119ba\",\"description\":\"756 m  n.p.m. - Tw\u00f3j prywatny spok\u00f3j w g\u00f3rach\",\"publisher\":{\"@id\":\"https:\/\/osadabialadolina.pl\/#organization\"},\"potentialAction\":[{\"@type\":\"SearchAction\",\"target\":{\"@type\":\"EntryPoint\",\"urlTemplate\":\"https:\/\/osadabialadolina.pl\/?s={search_term_string}\"},\"query-input\":{\"@type\":\"PropertyValueSpecification\",\"valueRequired\":true,\"valueName\":\"search_term_string\"}}],\"inLanguage\":\"cs\"},{\"@type\":\"Organization\",\"@id\":\"https:\/\/osadabialadolina.pl\/#organization\",\"name\":\"Osada Bia\u0142a Dolina - Szklarska Por\u0119ba\",\"url\":\"https:\/\/osadabialadolina.pl\/\",\"logo\":{\"@type\":\"ImageObject\",\"inLanguage\":\"cs\",\"@id\":\"https:\/\/osadabialadolina.pl\/#\/schema\/logo\/image\/\",\"url\":\"\",\"contentUrl\":\"\",\"caption\":\"Osada Bia\u0142a Dolina - Szklarska Por\u0119ba\"},\"image\":{\"@id\":\"https:\/\/osadabialadolina.pl\/#\/schema\/logo\/image\/\"}}]}<\/script>\n<!-- \/ Yoast SEO plugin. -->","yoast_head_json":{"title":"Osada Bia\u0142a Dolina - Szklarska Por\u0119ba - 756 m n.p.m. - Tw\u00f3j prywatny spok\u00f3j w g\u00f3rach","description":"Osada Bia\u0142a Dolina \u2013 cztery nowoczesne domy w sercu Szklarskiej Por\u0119by. Cisza, natura i prywatno\u015b\u0107. Tw\u00f3j g\u00f3rski azyl 756 m n.p.m.","robots":{"index":"index","follow":"follow","max-snippet":"max-snippet:-1","max-image-preview":"max-image-preview:large","max-video-preview":"max-video-preview:-1"},"canonical":"https:\/\/osadabialadolina.pl\/cs\/","og_locale":"cs_CZ","og_type":"article","og_title":"Osada Bia\u0142a Dolina - Szklarska Por\u0119ba - 756 m n.p.m. - Tw\u00f3j prywatny spok\u00f3j w g\u00f3rach","og_description":"Osada Bia\u0142a Dolina \u2013 cztery nowoczesne domy w sercu Szklarskiej Por\u0119by. Cisza, natura i prywatno\u015b\u0107. Tw\u00f3j g\u00f3rski azyl 756 m n.p.m.","og_url":"https:\/\/osadabialadolina.pl\/cs\/","og_site_name":"Osada Bia\u0142a Dolina - Szklarska Por\u0119ba","article_modified_time":"2025-12-12T11:33:17+00:00","twitter_card":"summary_large_image","twitter_misc":{"Odhadovan\u00e1 doba \u010dten\u00ed":"6 minut"},"schema":{"@context":"https:\/\/schema.org","@graph":[{"@type":"WebPage","@id":"https:\/\/osadabialadolina.pl\/","url":"https:\/\/osadabialadolina.pl\/","name":"Osada Bia\u0142a Dolina - Szklarska Por\u0119ba - 756 m n.p.m. - Tw\u00f3j prywatny spok\u00f3j w g\u00f3rach","isPartOf":{"@id":"https:\/\/osadabialadolina.pl\/#website"},"datePublished":"2024-03-05T08:49:24+00:00","dateModified":"2025-12-12T11:33:17+00:00","description":"Osada Bia\u0142a Dolina \u2013 cztery nowoczesne domy w sercu Szklarskiej Por\u0119by. Cisza, natura i prywatno\u015b\u0107. Tw\u00f3j g\u00f3rski azyl 756 m n.p.m.","breadcrumb":{"@id":"https:\/\/osadabialadolina.pl\/#breadcrumb"},"inLanguage":"cs","potentialAction":[{"@type":"ReadAction","target":["https:\/\/osadabialadolina.pl\/"]}]},{"@type":"BreadcrumbList","@id":"https:\/\/osadabialadolina.pl\/#breadcrumb","itemListElement":[{"@type":"ListItem","position":1,"name":"Strona g\u0142\u00f3wna","item":"https:\/\/osadabialadolina.pl\/"},{"@type":"ListItem","position":2,"name":"Strona G\u0142\u00f3wna"}]},{"@type":"WebSite","@id":"https:\/\/osadabialadolina.pl\/#website","url":"https:\/\/osadabialadolina.pl\/","name":"Osada Bia\u0142a Dolina - Szklarska Por\u0119ba","description":"756 m  n.p.m. - Tw\u00f3j prywatny spok\u00f3j w g\u00f3rach","publisher":{"@id":"https:\/\/osadabialadolina.pl\/#organization"},"potentialAction":[{"@type":"SearchAction","target":{"@type":"EntryPoint","urlTemplate":"https:\/\/osadabialadolina.pl\/?s={search_term_string}"},"query-input":{"@type":"PropertyValueSpecification","valueRequired":true,"valueName":"search_term_string"}}],"inLanguage":"cs"},{"@type":"Organization","@id":"https:\/\/osadabialadolina.pl\/#organization","name":"Osada Bia\u0142a Dolina - Szklarska Por\u0119ba","url":"https:\/\/osadabialadolina.pl\/","logo":{"@type":"ImageObject","inLanguage":"cs","@id":"https:\/\/osadabialadolina.pl\/#\/schema\/logo\/image\/","url":"","contentUrl":"","caption":"Osada Bia\u0142a Dolina - Szklarska Por\u0119ba"},"image":{"@id":"https:\/\/osadabialadolina.pl\/#\/schema\/logo\/image\/"}}]}},"_links":{"self":[{"href":"https:\/\/osadabialadolina.pl\/cs\/wp-json\/wp\/v2\/pages\/1202","targetHints":{"allow":["GET"]}}],"collection":[{"href":"https:\/\/osadabialadolina.pl\/cs\/wp-json\/wp\/v2\/pages"}],"about":[{"href":"https:\/\/osadabialadolina.pl\/cs\/wp-json\/wp\/v2\/types\/page"}],"author":[{"embeddable":true,"href":"https:\/\/osadabialadolina.pl\/cs\/wp-json\/wp\/v2\/users\/3"}],"replies":[{"embeddable":true,"href":"https:\/\/osadabialadolina.pl\/cs\/wp-json\/wp\/v2\/comments?post=1202"}],"version-history":[{"count":36,"href":"https:\/\/osadabialadolina.pl\/cs\/wp-json\/wp\/v2\/pages\/1202\/revisions"}],"predecessor-version":[{"id":1916,"href":"https:\/\/osadabialadolina.pl\/cs\/wp-json\/wp\/v2\/pages\/1202\/revisions\/1916"}],"wp:attachment":[{"href":"https:\/\/osadabialadolina.pl\/cs\/wp-json\/wp\/v2\/media?parent=1202"}],"curies":[{"name":"wp","href":"https:\/\/api.w.org\/{rel}","templated":true}]}}